{"id":12,"date":"2015-11-25T14:30:24","date_gmt":"2015-11-25T14:30:24","guid":{"rendered":"http:\/\/www.fehervarhitel.hu\/?page_id=12"},"modified":"2022-06-20T13:19:22","modified_gmt":"2022-06-20T13:19:22","slug":"kapcsolat","status":"publish","type":"page","link":"https:\/\/www.tapolcahitel.hu\/index.php\/kapcsolat\/","title":{"rendered":"Kapcsolat"},"content":{"rendered":"\t\t<div data-elementor-type=\"wp-page\" data-elementor-id=\"12\" class=\"elementor elementor-12\">\n\t\t\t\t\t\t\t\t\t<section class=\"elementor-section elementor-top-section elementor-element elementor-element-165ae344 elementor-section-height-full elementor-section-boxed elementor-section-height-default elementor-section-items-middle\" data-id=\"165ae344\" data-element_type=\"section\" data-settings=\"{&quot;background_background&quot;:&quot;classic&quot;}\">\n\t\t\t\t\t\t\t<div class=\"elementor-background-overlay\"><\/div>\n\t\t\t\t\t\t\t<div class=\"elementor-container elementor-column-gap-default\">\n\t\t\t\t\t<div class=\"elementor-column elementor-col-100 elementor-top-column elementor-element elementor-element-30ab58d8\" data-id=\"30ab58d8\" data-element_type=\"column\">\n\t\t\t<div class=\"elementor-widget-wrap elementor-element-populated\">\n\t\t\t\t\t\t\t\t<section class=\"elementor-section elementor-inner-section elementor-element elementor-element-46cde517 elementor-section-boxed elementor-section-height-default elementor-section-height-default\" data-id=\"46cde517\" data-element_type=\"section\">\n\t\t\t\t\t\t<div class=\"elementor-container elementor-column-gap-default\">\n\t\t\t\t\t<div class=\"elementor-column elementor-col-100 elementor-inner-column elementor-element elementor-element-430057e6\" data-id=\"430057e6\" data-element_type=\"column\">\n\t\t\t<div class=\"elementor-widget-wrap elementor-element-populated\">\n\t\t\t\t\t\t\t\t<div class=\"elementor-element elementor-element-70395894 elementor-widget elementor-widget-heading\" data-id=\"70395894\" data-element_type=\"widget\" data-widget_type=\"heading.default\">\n\t\t\t\t<div class=\"elementor-widget-container\">\n\t\t\t<style>\/*! elementor - v3.6.6 - 08-06-2022 *\/\n.elementor-heading-title{padding:0;margin:0;line-height:1}.elementor-widget-heading .elementor-heading-title[class*=elementor-size-]>a{color:inherit;font-size:inherit;line-height:inherit}.elementor-widget-heading .elementor-heading-title.elementor-size-small{font-size:15px}.elementor-widget-heading .elementor-heading-title.elementor-size-medium{font-size:19px}.elementor-widget-heading .elementor-heading-title.elementor-size-large{font-size:29px}.elementor-widget-heading .elementor-heading-title.elementor-size-xl{font-size:39px}.elementor-widget-heading .elementor-heading-title.elementor-size-xxl{font-size:59px}<\/style><h2 class=\"elementor-heading-title elementor-size-default\">KAPCSOLAT<\/h2>\t\t<\/div>\n\t\t\t\t<\/div>\n\t\t\t\t\t<\/div>\n\t\t<\/div>\n\t\t\t\t\t\t\t<\/div>\n\t\t<\/section>\n\t\t\t\t\t<\/div>\n\t\t<\/div>\n\t\t\t\t\t\t\t<\/div>\n\t\t<\/section>\n\t\t\t\t<section class=\"elementor-section elementor-top-section elementor-element elementor-element-d47ede4 elementor-section-boxed elementor-section-height-default elementor-section-height-default\" data-id=\"d47ede4\" data-element_type=\"section\">\n\t\t\t\t\t\t<div class=\"elementor-container elementor-column-gap-default\">\n\t\t\t\t\t<div class=\"elementor-column elementor-col-100 elementor-top-column elementor-element elementor-element-f313432\" data-id=\"f313432\" data-element_type=\"column\">\n\t\t\t<div class=\"elementor-widget-wrap elementor-element-populated\">\n\t\t\t\t\t\t\t\t<div class=\"elementor-element elementor-element-2910b18 elementor-widget elementor-widget-spacer\" data-id=\"2910b18\" data-element_type=\"widget\" data-widget_type=\"spacer.default\">\n\t\t\t\t<div class=\"elementor-widget-container\">\n\t\t\t<style>\/*! elementor - v3.6.6 - 08-06-2022 *\/\n.e-container.e-container--row .elementor-spacer-inner{width:var(--spacer-size)}.e-container.e-container--column .elementor-spacer-inner,.elementor-column .elementor-spacer-inner{height:var(--spacer-size)}<\/style>\t\t<div class=\"elementor-spacer\">\n\t\t\t<div class=\"elementor-spacer-inner\"><\/div>\n\t\t<\/div>\n\t\t\t\t<\/div>\n\t\t\t\t<\/div>\n\t\t\t\t<section class=\"elementor-section elementor-inner-section elementor-element elementor-element-e8a037c elementor-section-boxed elementor-section-height-default elementor-section-height-default\" data-id=\"e8a037c\" data-element_type=\"section\">\n\t\t\t\t\t\t<div class=\"elementor-container elementor-column-gap-default\">\n\t\t\t\t\t<div class=\"elementor-column elementor-col-50 elementor-inner-column elementor-element elementor-element-41335ec\" data-id=\"41335ec\" data-element_type=\"column\">\n\t\t\t<div class=\"elementor-widget-wrap elementor-element-populated\">\n\t\t\t\t\t\t\t\t<div class=\"elementor-element elementor-element-f3dcac7 elementor-position-top elementor-vertical-align-top elementor-widget elementor-widget-image-box\" data-id=\"f3dcac7\" data-element_type=\"widget\" data-widget_type=\"image-box.default\">\n\t\t\t\t<div class=\"elementor-widget-container\">\n\t\t\t<style>\/*! elementor - v3.6.6 - 08-06-2022 *\/\n.elementor-widget-image-box .elementor-image-box-content{width:100%}@media (min-width:768px){.elementor-widget-image-box.elementor-position-left .elementor-image-box-wrapper,.elementor-widget-image-box.elementor-position-right .elementor-image-box-wrapper{display:-webkit-box;display:-ms-flexbox;display:flex}.elementor-widget-image-box.elementor-position-right .elementor-image-box-wrapper{text-align:right;-webkit-box-orient:horizontal;-webkit-box-direction:reverse;-ms-flex-direction:row-reverse;flex-direction:row-reverse}.elementor-widget-image-box.elementor-position-left .elementor-image-box-wrapper{text-align:left;-webkit-box-orient:horizontal;-webkit-box-direction:normal;-ms-flex-direction:row;flex-direction:row}.elementor-widget-image-box.elementor-position-top .elementor-image-box-img{margin:auto}.elementor-widget-image-box.elementor-vertical-align-top .elementor-image-box-wrapper{-webkit-box-align:start;-ms-flex-align:start;align-items:flex-start}.elementor-widget-image-box.elementor-vertical-align-middle .elementor-image-box-wrapper{-webkit-box-align:center;-ms-flex-align:center;align-items:center}.elementor-widget-image-box.elementor-vertical-align-bottom .elementor-image-box-wrapper{-webkit-box-align:end;-ms-flex-align:end;align-items:flex-end}}@media (max-width:767px){.elementor-widget-image-box .elementor-image-box-img{margin-left:auto!important;margin-right:auto!important;margin-bottom:15px}}.elementor-widget-image-box .elementor-image-box-img{display:inline-block}.elementor-widget-image-box .elementor-image-box-title a{color:inherit}.elementor-widget-image-box .elementor-image-box-wrapper{text-align:center}.elementor-widget-image-box .elementor-image-box-description{margin:0}<\/style><div class=\"elementor-image-box-wrapper\"><figure class=\"elementor-image-box-img\"><img width=\"2696\" height=\"1657\" src=\"https:\/\/www.tapolcahitel.hu\/wp-content\/uploads\/2017\/08\/RVA-Veszprem.png\" class=\"attachment-full size-full\" alt=\"\" loading=\"lazy\" \/><\/figure><div class=\"elementor-image-box-content\"><h3 class=\"elementor-image-box-title\">Veszpr\u00e9mi \u00fcgyf\u00e9lszolg\u00e1lat<\/h3><p class=\"elementor-image-box-description\">Veszpr\u00e9m Megyei V\u00e1llalkoz\u00e1sfejleszt\u00e9si Alap\u00edtv\u00e1ny <BR>\n8200 Veszpr\u00e9m, Kossuth u. 10., fsz. 12-es iroda (a bej\u00e1rat mellett balra)\nSzem\u00e9lyes \u00fcgyf\u00e9lfogad\u00e1s: minden kedden \u00e9s cs\u00fct\u00f6rt\u00f6k\u00f6n 9:00-14:00\nTelefonsz\u00e1m: (+36) 70 \/ 672 1815<BR>\nE-mail: info@rvagroup.hu<\/p><\/div><\/div>\t\t<\/div>\n\t\t\t\t<\/div>\n\t\t\t\t\t<\/div>\n\t\t<\/div>\n\t\t\t\t<div class=\"elementor-column elementor-col-50 elementor-inner-column elementor-element elementor-element-7490d4d\" data-id=\"7490d4d\" data-element_type=\"column\">\n\t\t\t<div class=\"elementor-widget-wrap elementor-element-populated\">\n\t\t\t\t\t\t\t\t<div class=\"elementor-element elementor-element-5b36911 elementor-position-top elementor-vertical-align-top elementor-widget elementor-widget-image-box\" data-id=\"5b36911\" data-element_type=\"widget\" data-widget_type=\"image-box.default\">\n\t\t\t\t<div class=\"elementor-widget-container\">\n\t\t\t<div class=\"elementor-image-box-wrapper\"><figure class=\"elementor-image-box-img\"><img width=\"2696\" height=\"1708\" src=\"https:\/\/www.tapolcahitel.hu\/wp-content\/uploads\/2015\/11\/RVA-tapolca.png\" class=\"attachment-full size-full\" alt=\"\" loading=\"lazy\" \/><\/figure><div class=\"elementor-image-box-content\"><h3 class=\"elementor-image-box-title\">RVA Orsz\u00e1gos Mikrohitel K\u00f6zpont<\/h3><p class=\"elementor-image-box-description\">8000 Sz\u00e9kesfeh\u00e9rv\u00e1r, Budai \u00fat 9-11. (Trade Center) Fszt.<\/em><\/p>\n<p><em>K\u00f6zponti telefonsz\u00e1m: +36 70 905 1195<\/em><\/p>\n<p><b><a href=\"http:\/\/rva.hu\/idopontfoglalas\" target=\"_blank\" rel=\"noopener\">&lt;&lt;&lt; ON-LINE ID\u0150PONTFOGLAL\u00c1S A SZ\u00c9KESFEH\u00c9RV\u00c1RI \u00dcGYF\u00c9LFOGAD\u00c1SRA&gt;&gt;&gt;<\/a><\/p><\/div><\/div>\t\t<\/div>\n\t\t\t\t<\/div>\n\t\t\t\t\t<\/div>\n\t\t<\/div>\n\t\t\t\t\t\t\t<\/div>\n\t\t<\/section>\n\t\t\t\t\t<\/div>\n\t\t<\/div>\n\t\t\t\t\t\t\t<\/div>\n\t\t<\/section>\n\t\t\t\t\t\t\t<\/div>\n\t\t","protected":false},"excerpt":{"rendered":"<p>KAPCSOLAT Veszpr\u00e9mi \u00fcgyf\u00e9lszolg\u00e1lat Veszpr\u00e9m Megyei V\u00e1llalkoz\u00e1sfejleszt\u00e9si Alap\u00edtv\u00e1ny 8200 Veszpr\u00e9m, Kossuth u. 10., fsz. 12-es iroda (a bej\u00e1rat mellett balra) Szem\u00e9lyes \u00fcgyf\u00e9lfogad\u00e1s: minden kedden \u00e9s cs\u00fct\u00f6rt\u00f6k\u00f6n 9:00-14:00 Telefonsz\u00e1m: (+36) 70 \/ 672 1815 E-mail: info@rvagroup.hu RVA Orsz\u00e1gos Mikrohitel K\u00f6zpont 8000 Sz\u00e9kesfeh\u00e9rv\u00e1r, Budai \u00fat 9-11. (Trade Center) Fszt. K\u00f6zponti telefonsz\u00e1m: +36 70 905 1195 &lt;&lt;&lt; ON-LINE ID\u0150PONTFOGLAL\u00c1S [&hellip;]<\/p>\n","protected":false},"author":1,"featured_media":29,"parent":0,"menu_order":0,"comment_status":"closed","ping_status":"closed","template":"","meta":{"_mi_skip_tracking":false},"_links":{"self":[{"href":"https:\/\/www.tapolcahitel.hu\/index.php\/wp-json\/wp\/v2\/pages\/12"}],"collection":[{"href":"https:\/\/www.tapolcahitel.hu\/index.php\/wp-json\/wp\/v2\/pages"}],"about":[{"href":"https:\/\/www.tapolcahitel.hu\/index.php\/wp-json\/wp\/v2\/types\/page"}],"author":[{"embeddable":true,"href":"https:\/\/www.tapolcahitel.hu\/index.php\/wp-json\/wp\/v2\/users\/1"}],"replies":[{"embeddable":true,"href":"https:\/\/www.tapolcahitel.hu\/index.php\/wp-json\/wp\/v2\/comments?post=12"}],"version-history":[{"count":40,"href":"https:\/\/www.tapolcahitel.hu\/index.php\/wp-json\/wp\/v2\/pages\/12\/revisions"}],"predecessor-version":[{"id":436,"href":"https:\/\/www.tapolcahitel.hu\/index.php\/wp-json\/wp\/v2\/pages\/12\/revisions\/436"}],"wp:featuredmedia":[{"embeddable":true,"href":"https:\/\/www.tapolcahitel.hu\/index.php\/wp-json\/wp\/v2\/media\/29"}],"wp:attachment":[{"href":"https:\/\/www.tapolcahitel.hu\/index.php\/wp-json\/wp\/v2\/media?parent=12"}],"curies":[{"name":"wp","href":"https:\/\/api.w.org\/{rel}","templated":true}]}}