{"id":40,"date":"2015-11-25T16:26:47","date_gmt":"2015-11-25T16:26:47","guid":{"rendered":"http:\/\/www.fehervarhitel.hu\/?page_id=40"},"modified":"2022-06-20T12:21:05","modified_gmt":"2022-06-20T12:21:05","slug":"szabadfelhasznalasu-mikrohitel","status":"publish","type":"page","link":"https:\/\/www.tapolcahitel.hu\/index.php\/szabadfelhasznalasu-mikrohitel\/","title":{"rendered":"Szabadfelhaszn\u00e1l\u00e1s\u00fa"},"content":{"rendered":"\t\t<div data-elementor-type=\"wp-page\" data-elementor-id=\"40\" class=\"elementor elementor-40\">\n\t\t\t\t\t\t\t\t\t<section class=\"elementor-section elementor-top-section elementor-element elementor-element-130a0c3e elementor-section-height-full elementor-section-boxed elementor-section-height-default elementor-section-items-middle\" data-id=\"130a0c3e\" data-element_type=\"section\" data-settings=\"{&quot;background_background&quot;:&quot;classic&quot;}\">\n\t\t\t\t\t\t\t<div class=\"elementor-background-overlay\"><\/div>\n\t\t\t\t\t\t\t<div class=\"elementor-container elementor-column-gap-default\">\n\t\t\t\t\t<div class=\"elementor-column elementor-col-100 elementor-top-column elementor-element elementor-element-3e440d0a\" data-id=\"3e440d0a\" data-element_type=\"column\">\n\t\t\t<div class=\"elementor-widget-wrap elementor-element-populated\">\n\t\t\t\t\t\t\t\t<section class=\"elementor-section elementor-inner-section elementor-element elementor-element-5871f915 elementor-section-boxed elementor-section-height-default elementor-section-height-default\" data-id=\"5871f915\" data-element_type=\"section\">\n\t\t\t\t\t\t<div class=\"elementor-container elementor-column-gap-default\">\n\t\t\t\t\t<div class=\"elementor-column elementor-col-100 elementor-inner-column elementor-element elementor-element-25132556\" data-id=\"25132556\" data-element_type=\"column\">\n\t\t\t<div class=\"elementor-widget-wrap elementor-element-populated\">\n\t\t\t\t\t\t\t\t<div class=\"elementor-element elementor-element-4ce772e2 elementor-widget elementor-widget-heading\" data-id=\"4ce772e2\" data-element_type=\"widget\" data-widget_type=\"heading.default\">\n\t\t\t\t<div class=\"elementor-widget-container\">\n\t\t\t<style>\/*! elementor - v3.6.6 - 08-06-2022 *\/\n.elementor-heading-title{padding:0;margin:0;line-height:1}.elementor-widget-heading .elementor-heading-title[class*=elementor-size-]>a{color:inherit;font-size:inherit;line-height:inherit}.elementor-widget-heading .elementor-heading-title.elementor-size-small{font-size:15px}.elementor-widget-heading .elementor-heading-title.elementor-size-medium{font-size:19px}.elementor-widget-heading .elementor-heading-title.elementor-size-large{font-size:29px}.elementor-widget-heading .elementor-heading-title.elementor-size-xl{font-size:39px}.elementor-widget-heading .elementor-heading-title.elementor-size-xxl{font-size:59px}<\/style><h2 class=\"elementor-heading-title elementor-size-default\">szabadfelhaszn\u00e1l\u00e1s\u00fa mikrohitel<\/h2>\t\t<\/div>\n\t\t\t\t<\/div>\n\t\t\t\t\t<\/div>\n\t\t<\/div>\n\t\t\t\t\t\t\t<\/div>\n\t\t<\/section>\n\t\t\t\t\t<\/div>\n\t\t<\/div>\n\t\t\t\t\t\t\t<\/div>\n\t\t<\/section>\n\t\t\t\t<section class=\"elementor-section elementor-top-section elementor-element elementor-element-23a81cb2 elementor-section-boxed elementor-section-height-default elementor-section-height-default\" data-id=\"23a81cb2\" data-element_type=\"section\">\n\t\t\t\t\t\t<div class=\"elementor-container elementor-column-gap-default\">\n\t\t\t\t\t<div class=\"elementor-column elementor-col-100 elementor-top-column elementor-element elementor-element-70df3a7e\" data-id=\"70df3a7e\" data-element_type=\"column\">\n\t\t\t<div class=\"elementor-widget-wrap elementor-element-populated\">\n\t\t\t\t\t\t\t\t<div class=\"elementor-element elementor-element-bc3a3ed elementor-widget elementor-widget-spacer\" data-id=\"bc3a3ed\" data-element_type=\"widget\" data-widget_type=\"spacer.default\">\n\t\t\t\t<div class=\"elementor-widget-container\">\n\t\t\t<style>\/*! elementor - v3.6.6 - 08-06-2022 *\/\n.e-container.e-container--row .elementor-spacer-inner{width:var(--spacer-size)}.e-container.e-container--column .elementor-spacer-inner,.elementor-column .elementor-spacer-inner{height:var(--spacer-size)}<\/style>\t\t<div class=\"elementor-spacer\">\n\t\t\t<div class=\"elementor-spacer-inner\"><\/div>\n\t\t<\/div>\n\t\t\t\t<\/div>\n\t\t\t\t<\/div>\n\t\t\t\t<div class=\"elementor-element elementor-element-589a91fb elementor-widget elementor-widget-heading\" data-id=\"589a91fb\" data-element_type=\"widget\" data-widget_type=\"heading.default\">\n\t\t\t\t<div class=\"elementor-widget-container\">\n\t\t\t<h2 class=\"elementor-heading-title elementor-size-default\">A hitel ig\u00e9nyelhet\u0151s\u00e9g\u00e9nek ter\u00fcleti hat\u00e1lya:<\/h2>\t\t<\/div>\n\t\t\t\t<\/div>\n\t\t\t\t<div class=\"elementor-element elementor-element-5672261a elementor-widget-divider--view-line elementor-widget elementor-widget-divider\" data-id=\"5672261a\" data-element_type=\"widget\" data-widget_type=\"divider.default\">\n\t\t\t\t<div class=\"elementor-widget-container\">\n\t\t\t<style>\/*! elementor - v3.6.6 - 08-06-2022 *\/\n.elementor-widget-divider{--divider-border-style:none;--divider-border-width:1px;--divider-color:#2c2c2c;--divider-icon-size:20px;--divider-element-spacing:10px;--divider-pattern-height:24px;--divider-pattern-size:20px;--divider-pattern-url:none;--divider-pattern-repeat:repeat-x}.elementor-widget-divider .elementor-divider{display:-webkit-box;display:-ms-flexbox;display:flex}.elementor-widget-divider .elementor-divider__text{font-size:15px;line-height:1;max-width:95%}.elementor-widget-divider .elementor-divider__element{margin:0 var(--divider-element-spacing);-ms-flex-negative:0;flex-shrink:0}.elementor-widget-divider .elementor-icon{font-size:var(--divider-icon-size)}.elementor-widget-divider .elementor-divider-separator{display:-webkit-box;display:-ms-flexbox;display:flex;margin:0;direction:ltr}.elementor-widget-divider--view-line_icon .elementor-divider-separator,.elementor-widget-divider--view-line_text .elementor-divider-separator{-webkit-box-align:center;-ms-flex-align:center;align-items:center}.elementor-widget-divider--view-line_icon .elementor-divider-separator:after,.elementor-widget-divider--view-line_icon .elementor-divider-separator:before,.elementor-widget-divider--view-line_text .elementor-divider-separator:after,.elementor-widget-divider--view-line_text .elementor-divider-separator:before{display:block;content:\"\";border-bottom:0;-webkit-box-flex:1;-ms-flex-positive:1;flex-grow:1;border-top:var(--divider-border-width) var(--divider-border-style) var(--divider-color)}.elementor-widget-divider--element-align-left .elementor-divider .elementor-divider-separator>.elementor-divider__svg:first-of-type{-webkit-box-flex:0;-ms-flex-positive:0;flex-grow:0;-ms-flex-negative:100;flex-shrink:100}.elementor-widget-divider--element-align-left .elementor-divider-separator:before{content:none}.elementor-widget-divider--element-align-left .elementor-divider__element{margin-left:0}.elementor-widget-divider--element-align-right .elementor-divider .elementor-divider-separator>.elementor-divider__svg:last-of-type{-webkit-box-flex:0;-ms-flex-positive:0;flex-grow:0;-ms-flex-negative:100;flex-shrink:100}.elementor-widget-divider--element-align-right .elementor-divider-separator:after{content:none}.elementor-widget-divider--element-align-right .elementor-divider__element{margin-right:0}.elementor-widget-divider:not(.elementor-widget-divider--view-line_text):not(.elementor-widget-divider--view-line_icon) .elementor-divider-separator{border-top:var(--divider-border-width) var(--divider-border-style) var(--divider-color)}.elementor-widget-divider--separator-type-pattern{--divider-border-style:none}.elementor-widget-divider--separator-type-pattern.elementor-widget-divider--view-line .elementor-divider-separator,.elementor-widget-divider--separator-type-pattern:not(.elementor-widget-divider--view-line) .elementor-divider-separator:after,.elementor-widget-divider--separator-type-pattern:not(.elementor-widget-divider--view-line) .elementor-divider-separator:before,.elementor-widget-divider--separator-type-pattern:not([class*=elementor-widget-divider--view]) .elementor-divider-separator{width:100%;min-height:var(--divider-pattern-height);-webkit-mask-size:var(--divider-pattern-size) 100%;mask-size:var(--divider-pattern-size) 100%;-webkit-mask-repeat:var(--divider-pattern-repeat);mask-repeat:var(--divider-pattern-repeat);background-color:var(--divider-color);-webkit-mask-image:var(--divider-pattern-url);mask-image:var(--divider-pattern-url)}.elementor-widget-divider--no-spacing{--divider-pattern-size:auto}.elementor-widget-divider--bg-round{--divider-pattern-repeat:round}.rtl .elementor-widget-divider .elementor-divider__text{direction:rtl}<\/style>\t\t<div class=\"elementor-divider\">\n\t\t\t<span class=\"elementor-divider-separator\">\n\t\t\t\t\t\t<\/span>\n\t\t<\/div>\n\t\t\t\t<\/div>\n\t\t\t\t<\/div>\n\t\t\t\t<div class=\"elementor-element elementor-element-c1fb637 elementor-widget elementor-widget-text-editor\" data-id=\"c1fb637\" data-element_type=\"widget\" data-widget_type=\"text-editor.default\">\n\t\t\t\t<div class=\"elementor-widget-container\">\n\t\t\t<style>\/*! elementor - v3.6.6 - 08-06-2022 *\/\n.elementor-widget-text-editor.elementor-drop-cap-view-stacked .elementor-drop-cap{background-color:#818a91;color:#fff}.elementor-widget-text-editor.elementor-drop-cap-view-framed .elementor-drop-cap{color:#818a91;border:3px solid;background-color:transparent}.elementor-widget-text-editor:not(.elementor-drop-cap-view-default) .elementor-drop-cap{margin-top:8px}.elementor-widget-text-editor:not(.elementor-drop-cap-view-default) .elementor-drop-cap-letter{width:1em;height:1em}.elementor-widget-text-editor .elementor-drop-cap{float:left;text-align:center;line-height:1;font-size:50px}.elementor-widget-text-editor .elementor-drop-cap-letter{display:inline-block}<\/style>\t\t\t\t<p>A V\u00e1llalkoz\u00e1snak Tapolca V\u00e1rosban ipar\u0171z\u00e9si ad\u00f3 bevall\u00e1si k\u00f6telezetts\u00e9ge van, \u00e9s a konstrukci\u00f3 keret\u00e9ben ig\u00e9nyelt hitelt Tapolc\u00e1n v\u00e9gzett tev\u00e9kenys\u00e9g\u00e9hez kell felhaszn\u00e1lnia. A tev\u00e9kenys\u00e9g igazol\u00e1s\u00e1ra a Helyi Ipar\u0171z\u00e9si Ad\u00f3 bevall\u00e1s m\u00e1solat\u00e1t, illetve kezd\u0151 v\u00e1llalkoz\u00e1s eset\u00e9n a bejelent\u00e9s m\u00e1solat\u00e1t sz\u00fcks\u00e9ges beny\u00fajtani.<\/p>\n<p>Szabad felhaszn\u00e1l\u00e1s\u00fa, ak\u00e1r 1 \u00e9v t\u00fcrelmi id\u0151vel, az els\u0151 \u00e9vben 0%-os kamattal<\/p>\t\t\t\t\t\t<\/div>\n\t\t\t\t<\/div>\n\t\t\t\t<section class=\"elementor-section elementor-inner-section elementor-element elementor-element-76bfebe5 elementor-section-boxed elementor-section-height-default elementor-section-height-default\" data-id=\"76bfebe5\" data-element_type=\"section\">\n\t\t\t\t\t\t<div class=\"elementor-container elementor-column-gap-default\">\n\t\t\t\t\t<div class=\"elementor-column elementor-col-50 elementor-inner-column elementor-element elementor-element-270aa666 elementor-invisible\" data-id=\"270aa666\" data-element_type=\"column\" data-settings=\"{&quot;animation&quot;:&quot;fadeInLeft&quot;}\">\n\t\t\t<div class=\"elementor-widget-wrap elementor-element-populated\">\n\t\t\t\t\t\t\t\t<div class=\"elementor-element elementor-element-418fbc21 elementor-widget elementor-widget-image\" data-id=\"418fbc21\" data-element_type=\"widget\" data-widget_type=\"image.default\">\n\t\t\t\t<div class=\"elementor-widget-container\">\n\t\t\t<style>\/*! elementor - v3.6.6 - 08-06-2022 *\/\n.elementor-widget-image{text-align:center}.elementor-widget-image a{display:inline-block}.elementor-widget-image a img[src$=\".svg\"]{width:48px}.elementor-widget-image img{vertical-align:middle;display:inline-block}<\/style>\t\t\t\t\t\t\t\t\t\t\t\t<img width=\"800\" height=\"507\" src=\"https:\/\/www.tapolcahitel.hu\/wp-content\/uploads\/2015\/11\/RVA-tapolca-1024x649.png\" class=\"attachment-large size-large\" alt=\"\" loading=\"lazy\" srcset=\"https:\/\/www.tapolcahitel.hu\/wp-content\/uploads\/2015\/11\/RVA-tapolca-1024x649.png 1024w, https:\/\/www.tapolcahitel.hu\/wp-content\/uploads\/2015\/11\/RVA-tapolca-300x190.png 300w, https:\/\/www.tapolcahitel.hu\/wp-content\/uploads\/2015\/11\/RVA-tapolca-768x487.png 768w\" sizes=\"(max-width: 800px) 100vw, 800px\" \/>\t\t\t\t\t\t\t\t\t\t\t\t\t\t\t<\/div>\n\t\t\t\t<\/div>\n\t\t\t\t<div class=\"elementor-element elementor-element-7b02c498 elementor-widget elementor-widget-spacer\" data-id=\"7b02c498\" data-element_type=\"widget\" data-widget_type=\"spacer.default\">\n\t\t\t\t<div class=\"elementor-widget-container\">\n\t\t\t\t\t<div class=\"elementor-spacer\">\n\t\t\t<div class=\"elementor-spacer-inner\"><\/div>\n\t\t<\/div>\n\t\t\t\t<\/div>\n\t\t\t\t<\/div>\n\t\t\t\t<div class=\"elementor-element elementor-element-139e2a0a elementor-position-left elementor-mobile-position-left elementor-vertical-align-middle elementor-view-default elementor-widget elementor-widget-icon-box\" data-id=\"139e2a0a\" data-element_type=\"widget\" data-widget_type=\"icon-box.default\">\n\t\t\t\t<div class=\"elementor-widget-container\">\n\t\t\t<link rel=\"stylesheet\" href=\"https:\/\/www.tapolcahitel.hu\/wp-content\/plugins\/elementor\/assets\/css\/widget-icon-box.min.css\">\t\t<div class=\"elementor-icon-box-wrapper\">\n\t\t\t\t\t\t<div class=\"elementor-icon-box-icon\">\n\t\t\t\t<a class=\"elementor-icon elementor-animation-\" href=\"https:\/\/www.tapolcahitel.hu\/wp-content\/uploads\/2022\/01\/Tapolcahitel-konstrukci\u00f3k-2022.pdf\">\n\t\t\t\t<i aria-hidden=\"true\" class=\"far fa-file-pdf\"><\/i>\t\t\t\t<\/a>\n\t\t\t<\/div>\n\t\t\t\t\t\t<div class=\"elementor-icon-box-content\">\n\t\t\t\t<h3 class=\"elementor-icon-box-title\">\n\t\t\t\t\t<a href=\"https:\/\/www.tapolcahitel.hu\/wp-content\/uploads\/2022\/01\/Tapolcahitel-konstrukci\u00f3k-2022.pdf\" >\n\t\t\t\t\t\tR\u00e9szletes le\u00edr\u00e1s let\u00f6lt\u00e9se\t\t\t\t\t<\/a>\n\t\t\t\t<\/h3>\n\t\t\t\t\t\t\t<\/div>\n\t\t<\/div>\n\t\t\t\t<\/div>\n\t\t\t\t<\/div>\n\t\t\t\t<div class=\"elementor-element elementor-element-14b0a103 elementor-position-left elementor-mobile-position-left elementor-vertical-align-middle elementor-view-default elementor-widget elementor-widget-icon-box\" data-id=\"14b0a103\" data-element_type=\"widget\" data-widget_type=\"icon-box.default\">\n\t\t\t\t<div class=\"elementor-widget-container\">\n\t\t\t\t\t<div class=\"elementor-icon-box-wrapper\">\n\t\t\t\t\t\t<div class=\"elementor-icon-box-icon\">\n\t\t\t\t<a class=\"elementor-icon elementor-animation-\" href=\"http:\/\/www.tapolcahitel.hu\/wp-content\/uploads\/2015\/11\/hiteligenyles_2017_v1.doc\">\n\t\t\t\t<i aria-hidden=\"true\" class=\"far fa-file-word\"><\/i>\t\t\t\t<\/a>\n\t\t\t<\/div>\n\t\t\t\t\t\t<div class=\"elementor-icon-box-content\">\n\t\t\t\t<h3 class=\"elementor-icon-box-title\">\n\t\t\t\t\t<a href=\"http:\/\/www.tapolcahitel.hu\/wp-content\/uploads\/2015\/11\/hiteligenyles_2017_v1.doc\" >\n\t\t\t\t\t\tHitelig\u00e9nyl\u0151lap let\u00f6lt\u00e9se\t\t\t\t\t<\/a>\n\t\t\t\t<\/h3>\n\t\t\t\t\t\t\t<\/div>\n\t\t<\/div>\n\t\t\t\t<\/div>\n\t\t\t\t<\/div>\n\t\t\t\t<div class=\"elementor-element elementor-element-22bce270 elementor-position-left elementor-mobile-position-left elementor-vertical-align-middle elementor-view-default elementor-widget elementor-widget-icon-box\" data-id=\"22bce270\" data-element_type=\"widget\" data-widget_type=\"icon-box.default\">\n\t\t\t\t<div class=\"elementor-widget-container\">\n\t\t\t\t\t<div class=\"elementor-icon-box-wrapper\">\n\t\t\t\t\t\t<div class=\"elementor-icon-box-icon\">\n\t\t\t\t<a class=\"elementor-icon elementor-animation-\" href=\"http:\/\/www.tapolcahitel.hu\/wp-content\/uploads\/2015\/11\/hiteligenyles_2017_v1.doc\">\n\t\t\t\t<i aria-hidden=\"true\" class=\"far fa-file-word\"><\/i>\t\t\t\t<\/a>\n\t\t\t<\/div>\n\t\t\t\t\t\t<div class=\"elementor-icon-box-content\">\n\t\t\t\t<h3 class=\"elementor-icon-box-title\">\n\t\t\t\t\t<a href=\"http:\/\/www.tapolcahitel.hu\/wp-content\/uploads\/2015\/11\/hiteligenyles_2017_v1.doc\" >\n\t\t\t\t\t\tKieg\u00e9sz\u00edt\u0151 p\u00e9nz\u00fcgyi terv let\u00f6lt\u00e9se\t\t\t\t\t<\/a>\n\t\t\t\t<\/h3>\n\t\t\t\t\t\t\t<\/div>\n\t\t<\/div>\n\t\t\t\t<\/div>\n\t\t\t\t<\/div>\n\t\t\t\t<div class=\"elementor-element elementor-element-22e35f73 elementor-position-left elementor-mobile-position-left elementor-vertical-align-middle elementor-view-default elementor-widget elementor-widget-icon-box\" data-id=\"22e35f73\" data-element_type=\"widget\" data-widget_type=\"icon-box.default\">\n\t\t\t\t<div class=\"elementor-widget-container\">\n\t\t\t\t\t<div class=\"elementor-icon-box-wrapper\">\n\t\t\t\t\t\t<div class=\"elementor-icon-box-icon\">\n\t\t\t\t<a class=\"elementor-icon elementor-animation-\" href=\"http:\/\/www.tapolcahitel.hu\/wp-content\/uploads\/2015\/11\/igazolas.pdf\">\n\t\t\t\t<i aria-hidden=\"true\" class=\"far fa-file-pdf\"><\/i>\t\t\t\t<\/a>\n\t\t\t<\/div>\n\t\t\t\t\t\t<div class=\"elementor-icon-box-content\">\n\t\t\t\t<h3 class=\"elementor-icon-box-title\">\n\t\t\t\t\t<a href=\"http:\/\/www.tapolcahitel.hu\/wp-content\/uploads\/2015\/11\/igazolas.pdf\" >\n\t\t\t\t\t\tIgazol\u00e1s let\u00f6lt\u00e9se\t\t\t\t\t<\/a>\n\t\t\t\t<\/h3>\n\t\t\t\t\t\t\t<\/div>\n\t\t<\/div>\n\t\t\t\t<\/div>\n\t\t\t\t<\/div>\n\t\t\t\t<div class=\"elementor-element elementor-element-76ed5168 elementor-position-left elementor-mobile-position-left elementor-vertical-align-middle elementor-view-default elementor-widget elementor-widget-icon-box\" data-id=\"76ed5168\" data-element_type=\"widget\" data-widget_type=\"icon-box.default\">\n\t\t\t\t<div class=\"elementor-widget-container\">\n\t\t\t\t\t<div class=\"elementor-icon-box-wrapper\">\n\t\t\t\t\t\t<div class=\"elementor-icon-box-icon\">\n\t\t\t\t<a class=\"elementor-icon elementor-animation-\" href=\"tel:+36706721815\">\n\t\t\t\t<i aria-hidden=\"true\" class=\"fas fa-mobile-alt\"><\/i>\t\t\t\t<\/a>\n\t\t\t<\/div>\n\t\t\t\t\t\t<div class=\"elementor-icon-box-content\">\n\t\t\t\t<h3 class=\"elementor-icon-box-title\">\n\t\t\t\t\t<a href=\"tel:+36706721815\" >\n\t\t\t\t\t\t(+36) 70 \/ 672 1815\t\t\t\t\t<\/a>\n\t\t\t\t<\/h3>\n\t\t\t\t\t\t\t\t\t<p class=\"elementor-icon-box-description\">\n\t\t\t\t\t\tK\u00e9rd\u00e9sei eset\u00e9n \u00e1llunk rendelkez\u00e9s\u00e9re\t\t\t\t\t<\/p>\n\t\t\t\t\t\t\t<\/div>\n\t\t<\/div>\n\t\t\t\t<\/div>\n\t\t\t\t<\/div>\n\t\t\t\t\t<\/div>\n\t\t<\/div>\n\t\t\t\t<div class=\"elementor-column elementor-col-50 elementor-inner-column elementor-element elementor-element-5deba742 elementor-invisible\" data-id=\"5deba742\" data-element_type=\"column\" data-settings=\"{&quot;animation&quot;:&quot;fadeInRight&quot;}\">\n\t\t\t<div class=\"elementor-widget-wrap elementor-element-populated\">\n\t\t\t\t\t\t\t\t<div class=\"elementor-element elementor-element-62acfcb1 elementor-widget elementor-widget-text-editor\" data-id=\"62acfcb1\" data-element_type=\"widget\" data-widget_type=\"text-editor.default\">\n\t\t\t\t<div class=\"elementor-widget-container\">\n\t\t\t\t\t\t\t<!-- wp:html -->\n<div class=\"konstrukcio_tabla\">\n<table>\n<tbody>\n<tr>\n<td>Jellemz\u0151<\/td>\n<td>\u00c9rt\u00e9k<\/td>\n<\/tr>\n<tr>\n<td>Hitel\u00f6sszeg<\/td>\n<td style=\"text-align: center;\">1 000 000 &#8211; 10 000 000 Ft<\/td>\n<\/tr>\n<tr>\n<td>Futamid\u0151<\/td>\n<td style=\"text-align: center;\">12 &#8211; 36 h\u00f3nap<\/td>\n<\/tr>\n<tr>\n<td>T\u00fcrelmi id\u0151<\/td>\n<td style=\"text-align: center;\">1 &#8211; 3 h\u00f3nap<\/td>\n<\/tr>\n<tr>\n<td>Kamat<\/td>\n<td>\n<p style=\"text-align: center;\"><strong>KEDVEZM\u00c9NYES KAMAT: 2,5% (az els\u0151 \u00e9vben 0%)<\/strong><br \/>Az \u00dcGYLETI KAMAT \u00e9vi 6,5%, melyhez a hitelkonstrukci\u00f3 keret\u00e9ben a VMVA Tapolca V\u00e1ros \u00d6nkorm\u00e1nyzata t\u00e1mogat\u00e1s\u00e1val 4%-os kamatt\u00e1mogat\u00e1st biztos\u00edt, \u00edgy a fizetend\u0151 kamat m\u00e9rt\u00e9ke csup\u00e1n \u00e9vi 2,5%! <br \/>Az els\u0151 \u00e9vben kamat nem ker\u00fcl felsz\u00e1m\u00edt\u00e1sra.<\/p>\n<\/td>\n<\/tr>\n<tr>\n<td>Kamatoz\u00e1s t\u00edpusa<\/td>\n<td style=\"text-align: center;\">Fix kamatoz\u00e1s\u00fa<\/td>\n<\/tr>\n<tr>\n<td>Felhaszn\u00e1l\u00e1s<\/td>\n<td style=\"text-align: center;\">V\u00e1llalkoz\u00f3i c\u00e9lra szabadon felhaszn\u00e1lhat\u00f3 beruh\u00e1z\u00e1sra, forg\u00f3eszk\u00f6zre, b\u00e9rfizet\u00e9sre, j\u00e1rul\u00e9kokra, ad\u00f3fizet\u00e9sre, rezsik\u00f6lts\u00e9gekre.<\/td>\n<\/tr>\n<tr>\n<td>Elv\u00e1rt \u00f6ner\u0151<\/td>\n<td style=\"text-align: center;\">0 %<\/td>\n<\/tr>\n<tr>\n<td>Rendelkez\u00e9sre tart\u00e1si d\u00edj<\/td>\n<td style=\"text-align: center;\">0 %<\/td>\n<\/tr>\n<tr>\n<td>Foly\u00f3s\u00edt\u00e1si k\u00f6lts\u00e9gt\u00e9r\u00edt\u00e9s<\/td>\n<td style=\"text-align: center;\">0 %<\/td>\n<\/tr>\n<\/tbody>\n<\/table>\n<\/div>\n<!-- wp:html --><!-- \/wp:html --><!-- wp:separator {\"opacity\":\"css\"} --><!-- \/wp:separator --><!-- wp:heading --><!-- \/wp:heading -->\n<p>\u00a0<\/p>\t\t\t\t\t\t<\/div>\n\t\t\t\t<\/div>\n\t\t\t\t\t<\/div>\n\t\t<\/div>\n\t\t\t\t\t\t\t<\/div>\n\t\t<\/section>\n\t\t\t\t\t<\/div>\n\t\t<\/div>\n\t\t\t\t\t\t\t<\/div>\n\t\t<\/section>\n\t\t\t\t<section class=\"elementor-section elementor-top-section elementor-element elementor-element-64d15de3 elementor-section-boxed elementor-section-height-default elementor-section-height-default\" data-id=\"64d15de3\" data-element_type=\"section\">\n\t\t\t\t\t\t<div class=\"elementor-container elementor-column-gap-default\">\n\t\t\t\t\t<div class=\"elementor-column elementor-col-100 elementor-top-column elementor-element elementor-element-2a7fef6c\" data-id=\"2a7fef6c\" data-element_type=\"column\">\n\t\t\t<div class=\"elementor-widget-wrap elementor-element-populated\">\n\t\t\t\t\t\t\t\t<div class=\"elementor-element elementor-element-30be69a1 elementor-widget elementor-widget-spacer\" data-id=\"30be69a1\" data-element_type=\"widget\" data-widget_type=\"spacer.default\">\n\t\t\t\t<div class=\"elementor-widget-container\">\n\t\t\t\t\t<div class=\"elementor-spacer\">\n\t\t\t<div class=\"elementor-spacer-inner\"><\/div>\n\t\t<\/div>\n\t\t\t\t<\/div>\n\t\t\t\t<\/div>\n\t\t\t\t<div class=\"elementor-element elementor-element-45e62f7f elementor-widget elementor-widget-heading\" data-id=\"45e62f7f\" data-element_type=\"widget\" data-widget_type=\"heading.default\">\n\t\t\t\t<div class=\"elementor-widget-container\">\n\t\t\t<h2 class=\"elementor-heading-title elementor-size-default\">Mikrohitelre val\u00f3 jogosults\u00e1g ellen\u0151rz\u00e9se<\/h2>\t\t<\/div>\n\t\t\t\t<\/div>\n\t\t\t\t<div class=\"elementor-element elementor-element-35377e64 elementor-widget-divider--view-line elementor-widget elementor-widget-divider\" data-id=\"35377e64\" data-element_type=\"widget\" data-widget_type=\"divider.default\">\n\t\t\t\t<div class=\"elementor-widget-container\">\n\t\t\t\t\t<div class=\"elementor-divider\">\n\t\t\t<span class=\"elementor-divider-separator\">\n\t\t\t\t\t\t<\/span>\n\t\t<\/div>\n\t\t\t\t<\/div>\n\t\t\t\t<\/div>\n\t\t\t\t<div class=\"elementor-element elementor-element-2ae95602 elementor-widget elementor-widget-html\" data-id=\"2ae95602\" data-element_type=\"widget\" data-widget_type=\"html.default\">\n\t\t\t\t<div class=\"elementor-widget-container\">\n\t\t\t<script data-b24-form=\"inline\/29\/1rq78u\" data-skip-moving=\"true\">\n(function(w,d,u){\nvar s=d.createElement('script');s.async=true;s.src=u+'?'+(Date.now()\/180000|0);\nvar h=d.getElementsByTagName('script')[0];h.parentNode.insertBefore(s,h);\n})(window,document,'https:\/\/cdn.bitrix24.eu\/b18356833\/crm\/form\/loader_29.js');\n<\/script>\t\t<\/div>\n\t\t\t\t<\/div>\n\t\t\t\t\t<\/div>\n\t\t<\/div>\n\t\t\t\t\t\t\t<\/div>\n\t\t<\/section>\n\t\t\t\t\t\t\t<\/div>\n\t\t","protected":false},"excerpt":{"rendered":"<p>szabadfelhaszn\u00e1l\u00e1s\u00fa mikrohitel A hitel ig\u00e9nyelhet\u0151s\u00e9g\u00e9nek ter\u00fcleti hat\u00e1lya: A V\u00e1llalkoz\u00e1snak Tapolca V\u00e1rosban ipar\u0171z\u00e9si ad\u00f3 bevall\u00e1si k\u00f6telezetts\u00e9ge van, \u00e9s a konstrukci\u00f3 keret\u00e9ben ig\u00e9nyelt hitelt Tapolc\u00e1n v\u00e9gzett tev\u00e9kenys\u00e9g\u00e9hez kell felhaszn\u00e1lnia. A tev\u00e9kenys\u00e9g igazol\u00e1s\u00e1ra a Helyi Ipar\u0171z\u00e9si Ad\u00f3 bevall\u00e1s m\u00e1solat\u00e1t, illetve kezd\u0151 v\u00e1llalkoz\u00e1s eset\u00e9n a bejelent\u00e9s m\u00e1solat\u00e1t sz\u00fcks\u00e9ges beny\u00fajtani. Szabad felhaszn\u00e1l\u00e1s\u00fa, ak\u00e1r 1 \u00e9v t\u00fcrelmi id\u0151vel, az els\u0151 \u00e9vben [&hellip;]<\/p>\n","protected":false},"author":1,"featured_media":36,"parent":0,"menu_order":0,"comment_status":"closed","ping_status":"closed","template":"","meta":{"_mi_skip_tracking":false},"_links":{"self":[{"href":"https:\/\/www.tapolcahitel.hu\/index.php\/wp-json\/wp\/v2\/pages\/40"}],"collection":[{"href":"https:\/\/www.tapolcahitel.hu\/index.php\/wp-json\/wp\/v2\/pages"}],"about":[{"href":"https:\/\/www.tapolcahitel.hu\/index.php\/wp-json\/wp\/v2\/types\/page"}],"author":[{"embeddable":true,"href":"https:\/\/www.tapolcahitel.hu\/index.php\/wp-json\/wp\/v2\/users\/1"}],"replies":[{"embeddable":true,"href":"https:\/\/www.tapolcahitel.hu\/index.php\/wp-json\/wp\/v2\/comments?post=40"}],"version-history":[{"count":43,"href":"https:\/\/www.tapolcahitel.hu\/index.php\/wp-json\/wp\/v2\/pages\/40\/revisions"}],"predecessor-version":[{"id":389,"href":"https:\/\/www.tapolcahitel.hu\/index.php\/wp-json\/wp\/v2\/pages\/40\/revisions\/389"}],"wp:featuredmedia":[{"embeddable":true,"href":"https:\/\/www.tapolcahitel.hu\/index.php\/wp-json\/wp\/v2\/media\/36"}],"wp:attachment":[{"href":"https:\/\/www.tapolcahitel.hu\/index.php\/wp-json\/wp\/v2\/media?parent=40"}],"curies":[{"name":"wp","href":"https:\/\/api.w.org\/{rel}","templated":true}]}}